{"id":1922,"date":"2020-12-12T19:06:07","date_gmt":"2020-12-12T18:06:07","guid":{"rendered":"https:\/\/www.amisdejasseron.fr\/?page_id=1922"},"modified":"2020-12-12T20:49:00","modified_gmt":"2020-12-12T19:49:00","slug":"calendrier","status":"publish","type":"page","link":"https:\/\/www.amisdejasseron.fr\/?page_id=1922","title":{"rendered":"Calendrier"},"content":{"rendered":"\n<p style=\"font-size:32px\">En raison de la COVID 19, presque toutes nos manifestations ont \u00e9t\u00e9 annul\u00e9es.<\/p>\n\n\n\n<p><p style=\"margin-bottom: 50px;\"><\/p><\/p>\n\n\n\n<p style=\"font-size:32px\">Pour information, voici le rappel des dates de 2020<\/p>\n\n\n<p style=\"margin-bottom: 50px;\"><\/p>\n\n\n<p>18 Janvier : Assembl\u00e9e G\u00e9n\u00e9rale<\/p>\n\n\n\n<p><s>16 Mars : Nettoyage du lavoir communal<\/s><\/p>\n\n\n\n<p><s>22 Avril : Chasse aux oeufs de P\u00e2ques<\/s><\/p>\n\n\n\n<p><s>27 Avril : Journ\u00e9e Galettes cuites au feu de bois<\/s><\/p>\n\n\n\n<p><s>1er Mai : Exposition des oeuvres d&#8217;artistes locaux et randonn\u00e9e p\u00e9destre<\/s><\/p>\n\n\n\n<p><s>7 et 14 Juin : visites comment\u00e9es de JASSERON<\/s><\/p>\n\n\n\n<p><s>22 Juin : Voyage d\u00e9couverte<\/s><\/p>\n\n\n\n<p><s>du 3 au 8 Septembre : voyage en Bavi\u00e8re<\/s><\/p>\n\n\n\n<p><s>26 Septembre : nettoyage d\u2019automne des routes et chemins<\/s><\/p>\n\n\n\n<p>10 Octobre : D\u00e9broussaillage du local &#8220;Poids public&#8221;<\/p>\n\n\n\n<p><s>23 Novembre : soir\u00e9e festive, cal\u00e9e sur la date de sortie du Beaujolais nouveau<\/s><\/p>\n\n\n\n<p>17 janvier 2021 : Assembl\u00e9e G\u00e9n\u00e9rale &#8211; \u00e0 confirmer<\/p>\n","protected":false},"excerpt":{"rendered":"<p>En raison de la COVID 19, presque toutes nos manifestations ont \u00e9t\u00e9 annul\u00e9es. Pour information, voici le rappel des dates de 2020 18 Janvier : Assembl\u00e9e G\u00e9n\u00e9rale 16 Mars : Nettoyage du lavoir communal 22 Avril : Chasse aux oeufs de P\u00e2ques 27 Avril : Journ\u00e9e Galettes cuites au feu de bois 1er Mai :&hellip; <br \/> <a class=\"read-more\" href=\"https:\/\/www.amisdejasseron.fr\/?page_id=1922\">Lire la suite<\/a><\/p>\n","protected":false},"author":1,"featured_media":0,"parent":80,"menu_order":0,"comment_status":"closed","ping_status":"closed","template":"","meta":{"ngg_post_thumbnail":0,"footnotes":""},"class_list":["post-1922","page","type-page","status-publish","hentry"],"_links":{"self":[{"href":"https:\/\/www.amisdejasseron.fr\/index.php?rest_route=\/wp\/v2\/pages\/1922","targetHints":{"allow":["GET"]}}],"collection":[{"href":"https:\/\/www.amisdejasseron.fr\/index.php?rest_route=\/wp\/v2\/pages"}],"about":[{"href":"https:\/\/www.amisdejasseron.fr\/index.php?rest_route=\/wp\/v2\/types\/page"}],"author":[{"embeddable":true,"href":"https:\/\/www.amisdejasseron.fr\/index.php?rest_route=\/wp\/v2\/users\/1"}],"replies":[{"embeddable":true,"href":"https:\/\/www.amisdejasseron.fr\/index.php?rest_route=%2Fwp%2Fv2%2Fcomments&post=1922"}],"version-history":[{"count":20,"href":"https:\/\/www.amisdejasseron.fr\/index.php?rest_route=\/wp\/v2\/pages\/1922\/revisions"}],"predecessor-version":[{"id":1965,"href":"https:\/\/www.amisdejasseron.fr\/index.php?rest_route=\/wp\/v2\/pages\/1922\/revisions\/1965"}],"up":[{"embeddable":true,"href":"https:\/\/www.amisdejasseron.fr\/index.php?rest_route=\/wp\/v2\/pages\/80"}],"wp:attachment":[{"href":"https:\/\/www.amisdejasseron.fr\/index.php?rest_route=%2Fwp%2Fv2%2Fmedia&parent=1922"}],"curies":[{"name":"wp","href":"https:\/\/api.w.org\/{rel}","templated":true}]}}