{"id":1928,"date":"2020-12-12T19:17:25","date_gmt":"2020-12-12T18:17:25","guid":{"rendered":"https:\/\/www.amisdejasseron.fr\/?page_id=1928"},"modified":"2020-12-12T21:16:55","modified_gmt":"2020-12-12T20:16:55","slug":"10-octobre-debroussaillage-du-local-poids-public","status":"publish","type":"page","link":"https:\/\/www.amisdejasseron.fr\/?page_id=1928","title":{"rendered":"10 Octobre : D\u00e9broussaillage du local \u201cPoids public\u201d"},"content":{"rendered":"\n<p class=\"has-medium-font-size\">LE POIDS PUBLIC&nbsp; situ\u00e9 au n\u00b01 du chemin du Moulin&nbsp;:<\/p>\n\n\n\n<p class=\"has-medium-font-size\">Derni\u00e8rement des membres du conseil d\u2019administration des Amis de Jasseron, accompagn\u00e9s d\u2019\u00e9lus municipaux, ont proc\u00e9d\u00e9 au d\u00e9broussaillage et \u00e0 la r\u00e9novation du toit de ce petit b\u00e2timent du poids public.<\/p>\n\n\n\n<p class=\"has-medium-font-size\">Suite \u00e0 cette journ\u00e9e, Jo\u00ebl FRAYSSE a remis \u00e0 notre pr\u00e9sident deux registres de pes\u00e9es relatifs \u00e0 l\u2019utilisation de ce poids public. Il les avait trouv\u00e9s dans son ancienne maison achet\u00e9e \u00e0 la famille de Joseph VIEUX pr\u00e9pos\u00e9 au pesage \u00e0 l\u2019\u00e9poque.<\/p>\n\n\n\n<p class=\"has-medium-font-size\">Ce don int\u00e9ressant a motiv\u00e9 notre pr\u00e9sident pour retracer sommairement l\u2019histoire de cet \u00e9difice.<\/p>\n\n\n\n<hr class=\"wp-block-separator\"\/>\n\n\n\n<p class=\"has-medium-font-size\"><em><strong><u>LE POIDS PUBLIC<\/u><\/strong>&nbsp;(ou bascule publique)&nbsp; \u00e9rig\u00e9 en 1892 par la municipalit\u00e9 de JASSERON, dont le Maire Benoit TRIQUET .<\/em><\/p>\n\n\n\n<p class=\"has-medium-font-size\"><em>Situ\u00e9 au n\u00b01 du Chemin du Moulin, le petit b\u00e2timent du poids public Jasseronnais, au toit d\u00e9gag\u00e9 de son lierre invasif et r\u00e9nov\u00e9 par Les Amis de Jasseron accompagn\u00e9s d\u2019\u00e9lus municipaux, abritait un syst\u00e8me de pesage officiel \u00e0 la disposition de tous mais utilis\u00e9 principalement par des agriculteurs.<\/em><\/p>\n\n\n\n<p class=\"has-medium-font-size\"><em>A cette \u00e9poque beaucoup de communes disposaient de cet \u00e9quipement qui permettait de d\u00e9terminer le poids de denr\u00e9es notamment agricoles (foin, paille, bois, betteraves, \u2026) et d\u2019animaux (chevaux, veaux, vaches, b\u0153ufs, cochons&#8230;)&nbsp; destin\u00e9s \u00e0 la vente \u00e0 un prix \u00e9tabli en fonction de leur masse. C\u2019\u00e9tait une personne asserment\u00e9e, appel\u00e9e le pr\u00e9pos\u00e9, qui op\u00e9rait et qui d\u00e9livrait un bon de pesage.<\/em><\/p>\n\n\n\n<p class=\"has-medium-font-size\"><em>Situ\u00e9e \u00e0 l\u2019avant du b\u00e2timent, une plateforme de pesage au-dessus d\u2019une fosse, aujourd\u2019hui combl\u00e9e, recevait les denr\u00e9es ou animaux \u00e0 peser. Dans cette fosse un syst\u00e8me complexe de leviers \u00e9tait reli\u00e9 \u00e0 l\u2019appareil de pes\u00e9e du b\u00e2timent fonctionnant sur le principe de la balance romaine (voir photo ci-dessous). Cet antique appareil subsistant encore aujourd\u2019hui m\u00e9rite un d\u00e9rouillage significatif. Son utilisation s\u2019est achev\u00e9e dans les ann\u00e9es 1960.<\/em><\/p>\n\n\n\n<p class=\"has-medium-font-size\"><em>Pour exemple, ci-dessous, la souche du bon de pesage n\u00b0 496 avec l\u2019exemplaire destin\u00e9 \u00e0 M. PROVEL qui devait vendre un veau de 74 kg \u00e0 M. MOISSONNIER, boucher, qui exer\u00e7ait son activit\u00e9 \u00e0 l\u2019emplacement de la boucherie aujourd\u2019hui ferm\u00e9e. Pour ce pesage le veau \u00e9tait attach\u00e9 sur la plateforme.<\/em><\/p>\n\n\n\n<p class=\"has-medium-font-size\"><em>\u00c9galement ci-dessous la souche du bon n\u00b085. M.CORNATON devait vendre un camion de foin \u00e0 Jules SORET. On peut lire le poids brut, la tare (poids du camion) donc le poids net du foin de 1984 kg. Appara\u00eet \u00e9galement le prix du pesage de 2.50 francs, au profit de la mairie.<\/em><\/p>\n\n\n\n<p class=\"has-medium-font-size\"><em>Ces souches et le bon de pes\u00e9e sont issus d\u2019un registre comprenant 515 pes\u00e9es dat\u00e9es du 17 f\u00e9vrier 1932 au 15 ao\u00fbt 1933, ce qui repr\u00e9sente une activit\u00e9 de 29 pes\u00e9es par mois. A cette \u00e9poque, le pr\u00e9pos\u00e9 \u00e9tait Joseph VIEUX qui demeurait au n\u00b036 de la rue Charles Robin pr\u00e8s du poids public et qui exer\u00e7ait \u00e9galement le m\u00e9tier de charron-forgeron (fabrication notamment de chars \u00e0 roues en bois). Son \u00e9pouse \u00e9levait quelques vaches.<\/em><\/p>\n\n\n\n<p class=\"has-medium-font-size\"><em>Ce registre, ainsi qu\u2019un autre comprenant 490 pes\u00e9es dat\u00e9es du 21 novembre 1925 au 5 janvier 1927, soit 35 par mois, a \u00e9t\u00e9 remis gracieusement aux Amis de Jasseron derni\u00e8rement par Joel FRAYSSE qui les avait d\u00e9couverts dans la maison de Joseph VIEUX qu\u2019il a habit\u00e9e. Aujourd\u2019hui, le local de ce poids public, t\u00e9moin d\u2019une activit\u00e9 commerciale soutenue d\u2019autrefois, abrite le stock de sel servant \u00e0 d\u00e9gager le verglas des trottoirs et des chauss\u00e9es communales. Ce sel sera transf\u00e9r\u00e9 prochainement dans les locaux techniques municipaux et l\u2019avenir du local, n\u00e9cessitant une r\u00e9novation int\u00e9rieure, restera \u00e0 d\u00e9finir.<\/em><\/p>\n\n\n\n<figure class=\"wp-block-image size-full is-style-default\"><img loading=\"lazy\" decoding=\"async\" width=\"221\" height=\"166\" src=\"https:\/\/www.amisdejasseron.fr\/wp-content\/uploads\/2020\/12\/appareil_pesee.jpg\" alt=\"\" class=\"wp-image-1970\"\/><figcaption>Photo anonyme d\u2019un appareil de pes\u00e9e similaire \u00e0 celui situ\u00e9 \u00e0 l\u2019int\u00e9rieur du b\u00e2timent<\/figcaption><\/figure>\n\n\n\n<div class=\"wp-block-columns is-layout-flex wp-container-core-columns-is-layout-1 wp-block-columns-is-layout-flex\">\n<div class=\"wp-block-column is-layout-flow wp-block-column-is-layout-flow\">\n<figure class=\"wp-block-image size-large\"><img loading=\"lazy\" decoding=\"async\" width=\"1024\" height=\"408\" src=\"https:\/\/www.amisdejasseron.fr\/wp-content\/uploads\/2020\/12\/bon_pesee_01-1024x408.jpg\" alt=\"\" class=\"wp-image-1974\" srcset=\"https:\/\/www.amisdejasseron.fr\/wp-content\/uploads\/2020\/12\/bon_pesee_01-1024x408.jpg 1024w, https:\/\/www.amisdejasseron.fr\/wp-content\/uploads\/2020\/12\/bon_pesee_01-300x120.jpg 300w, https:\/\/www.amisdejasseron.fr\/wp-content\/uploads\/2020\/12\/bon_pesee_01-768x306.jpg 768w, https:\/\/www.amisdejasseron.fr\/wp-content\/uploads\/2020\/12\/bon_pesee_01.jpg 1511w\" sizes=\"auto, (max-width: 1024px) 100vw, 1024px\" \/><figcaption>Exemple de bon de pes\u00e9e<\/figcaption><\/figure>\n\n\n\n<figure class=\"wp-block-image size-large\"><img loading=\"lazy\" decoding=\"async\" width=\"1024\" height=\"700\" src=\"https:\/\/www.amisdejasseron.fr\/wp-content\/uploads\/2020\/12\/bon_pesee_02-1024x700.jpg\" alt=\"\" class=\"wp-image-1975\" srcset=\"https:\/\/www.amisdejasseron.fr\/wp-content\/uploads\/2020\/12\/bon_pesee_02-1024x700.jpg 1024w, https:\/\/www.amisdejasseron.fr\/wp-content\/uploads\/2020\/12\/bon_pesee_02-300x205.jpg 300w, https:\/\/www.amisdejasseron.fr\/wp-content\/uploads\/2020\/12\/bon_pesee_02-768x525.jpg 768w, https:\/\/www.amisdejasseron.fr\/wp-content\/uploads\/2020\/12\/bon_pesee_02.jpg 1052w\" sizes=\"auto, (max-width: 1024px) 100vw, 1024px\" \/><figcaption>Exemple de bon de pes\u00e9e<\/figcaption><\/figure>\n\n\n\n<figure class=\"wp-block-image size-large\"><img loading=\"lazy\" decoding=\"async\" width=\"1024\" height=\"425\" src=\"https:\/\/www.amisdejasseron.fr\/wp-content\/uploads\/2020\/12\/batiment_avant_apres-1024x425.jpg\" alt=\"\" class=\"wp-image-1979\" srcset=\"https:\/\/www.amisdejasseron.fr\/wp-content\/uploads\/2020\/12\/batiment_avant_apres-1024x425.jpg 1024w, https:\/\/www.amisdejasseron.fr\/wp-content\/uploads\/2020\/12\/batiment_avant_apres-300x125.jpg 300w, https:\/\/www.amisdejasseron.fr\/wp-content\/uploads\/2020\/12\/batiment_avant_apres-768x319.jpg 768w, https:\/\/www.amisdejasseron.fr\/wp-content\/uploads\/2020\/12\/batiment_avant_apres-1536x638.jpg 1536w, https:\/\/www.amisdejasseron.fr\/wp-content\/uploads\/2020\/12\/batiment_avant_apres.jpg 1599w\" sizes=\"auto, (max-width: 1024px) 100vw, 1024px\" \/><figcaption>Le local avant et apr\u00e8s<\/figcaption><\/figure>\n\n\n\n<figure class=\"wp-block-image size-large\"><img loading=\"lazy\" decoding=\"async\" width=\"1024\" height=\"767\" src=\"https:\/\/www.amisdejasseron.fr\/wp-content\/uploads\/2020\/12\/batiment_final-1024x767.jpg\" alt=\"\" class=\"wp-image-1973\" srcset=\"https:\/\/www.amisdejasseron.fr\/wp-content\/uploads\/2020\/12\/batiment_final-1024x767.jpg 1024w, https:\/\/www.amisdejasseron.fr\/wp-content\/uploads\/2020\/12\/batiment_final-300x225.jpg 300w, https:\/\/www.amisdejasseron.fr\/wp-content\/uploads\/2020\/12\/batiment_final-768x575.jpg 768w, https:\/\/www.amisdejasseron.fr\/wp-content\/uploads\/2020\/12\/batiment_final-1536x1150.jpg 1536w, https:\/\/www.amisdejasseron.fr\/wp-content\/uploads\/2020\/12\/batiment_final-1442x1080.jpg 1442w, https:\/\/www.amisdejasseron.fr\/wp-content\/uploads\/2020\/12\/batiment_final-600x450.jpg 600w, https:\/\/www.amisdejasseron.fr\/wp-content\/uploads\/2020\/12\/batiment_final.jpg 1600w\" sizes=\"auto, (max-width: 1024px) 100vw, 1024px\" \/><figcaption>Le local aujourd&#8217;hui<\/figcaption><\/figure>\n\n\n\n<p><\/p>\n<\/div>\n<\/div>\n\n\n\n<p><\/p>\n","protected":false},"excerpt":{"rendered":"<p>LE POIDS PUBLIC&nbsp; situ\u00e9 au n\u00b01 du chemin du Moulin&nbsp;: Derni\u00e8rement des membres du conseil d\u2019administration des Amis de Jasseron, accompagn\u00e9s d\u2019\u00e9lus municipaux, ont proc\u00e9d\u00e9 au d\u00e9broussaillage et \u00e0 la r\u00e9novation du toit de ce petit b\u00e2timent du poids public. Suite \u00e0 cette journ\u00e9e, Jo\u00ebl FRAYSSE a remis \u00e0 notre pr\u00e9sident deux registres de pes\u00e9es&hellip; <br \/> <a class=\"read-more\" href=\"https:\/\/www.amisdejasseron.fr\/?page_id=1928\">Lire la suite<\/a><\/p>\n","protected":false},"author":1,"featured_media":1973,"parent":80,"menu_order":0,"comment_status":"closed","ping_status":"closed","template":"","meta":{"ngg_post_thumbnail":0,"footnotes":""},"class_list":["post-1928","page","type-page","status-publish","has-post-thumbnail","hentry"],"_links":{"self":[{"href":"https:\/\/www.amisdejasseron.fr\/index.php?rest_route=\/wp\/v2\/pages\/1928","targetHints":{"allow":["GET"]}}],"collection":[{"href":"https:\/\/www.amisdejasseron.fr\/index.php?rest_route=\/wp\/v2\/pages"}],"about":[{"href":"https:\/\/www.amisdejasseron.fr\/index.php?rest_route=\/wp\/v2\/types\/page"}],"author":[{"embeddable":true,"href":"https:\/\/www.amisdejasseron.fr\/index.php?rest_route=\/wp\/v2\/users\/1"}],"replies":[{"embeddable":true,"href":"https:\/\/www.amisdejasseron.fr\/index.php?rest_route=%2Fwp%2Fv2%2Fcomments&post=1928"}],"version-history":[{"count":9,"href":"https:\/\/www.amisdejasseron.fr\/index.php?rest_route=\/wp\/v2\/pages\/1928\/revisions"}],"predecessor-version":[{"id":1985,"href":"https:\/\/www.amisdejasseron.fr\/index.php?rest_route=\/wp\/v2\/pages\/1928\/revisions\/1985"}],"up":[{"embeddable":true,"href":"https:\/\/www.amisdejasseron.fr\/index.php?rest_route=\/wp\/v2\/pages\/80"}],"wp:featuredmedia":[{"embeddable":true,"href":"https:\/\/www.amisdejasseron.fr\/index.php?rest_route=\/wp\/v2\/media\/1973"}],"wp:attachment":[{"href":"https:\/\/www.amisdejasseron.fr\/index.php?rest_route=%2Fwp%2Fv2%2Fmedia&parent=1928"}],"curies":[{"name":"wp","href":"https:\/\/api.w.org\/{rel}","templated":true}]}}